{"id":546,"date":"2025-02-26T21:41:00","date_gmt":"2025-02-27T00:41:00","guid":{"rendered":"http:\/\/plugnet.psi.br\/loja\/?page_id=546"},"modified":"2025-02-26T22:33:08","modified_gmt":"2025-02-27T01:33:08","slug":"empresa","status":"publish","type":"page","link":"http:\/\/plugnet.psi.br\/loja\/empresa\/","title":{"rendered":"Empresa"},"content":{"rendered":"\n<div class=\"wp-block-group is-content-justification-center is-nowrap is-layout-flex wp-container-core-group-is-layout-f3e1b6d6 wp-block-group-is-layout-flex\" style=\"margin-bottom:10px\">\n<div class=\"wp-block-group is-content-justification-center is-nowrap is-layout-flex wp-container-core-group-is-layout-0a12bad6 wp-block-group-is-layout-flex\">\n<hr class=\"wp-block-separator has-text-color has-primary-color has-alpha-channel-opacity has-primary-background-color has-background wp-container-content-d613cd94\"\/>\n\n\n\n<h6 class=\"wp-block-heading has-text-align-center has-primary-color has-text-color has-link-color wp-elements-19164a01d5404cb32fd150fe7f2191f3\" style=\"text-transform:uppercase\">A empresa<\/h6>\n\n\n\n<hr class=\"wp-block-separator has-text-color has-primary-color has-alpha-channel-opacity has-primary-background-color has-background wp-container-content-d613cd94\"\/>\n<\/div>\n<\/div>\n\n\n\n<h1 class=\"wp-block-heading has-text-align-center\" style=\"margin-top:16px;margin-bottom:24px;font-style:normal;font-weight:600\">Conhe\u00e7a um pouco da hist\u00f3ria da Plugnet<\/h1>\n\n\n\n<p>A Plugnet Internet come\u00e7ou suas atividades como provedor de internet na cidade de S\u00e3o Sep\u00e9-RS, no dia 05\/04\/1999 atrav\u00e9s da internet discada. Na \u00e9poca alguns poucos clientes de internet da cidade conectavam a internet em provedores de outras cidades, gastando altos valores com liga\u00e7\u00f5es interurbanas. Foi ent\u00e3o que surgiu a oportunidade da Plugnet se instalar na cidade.<\/p>\n\n\n\n<p>Alisson Giuliani, propriet\u00e1rio da empresa at\u00e9 hoje, trabalhava como t\u00e9cnico em um provedor de internet na cidade de Rio Grande-RS, com a experi\u00eancia adquirida e a forma\u00e7\u00e3o acad\u00eamica em inform\u00e1tica, ajudou bastante na implanta\u00e7\u00e3o do provedor.<\/p>\n\n\n\n<p>Temos muito orgulho de ter trazido a internet para S\u00e3o Sep\u00e9, somos pioneiros na cidade e l\u00edder no mercado de banda larga at\u00e9 os dias de hoje na cidade.<\/p>\n\n\n\n<p>Come\u00e7amos com 6 linhas telef\u00f4nicas, muitos hoje n\u00e3o eram nem nascidos na \u00e9poca, mas atrav\u00e9s de uma placa de fax\/modem discava-se para o provedor para conectar na internet.<\/p>\n\n\n\n<p>O in\u00edcio foi com muitas dificuldades, pois tinha que achar um atrativo e ensinar o cliente a utilizar para poder seguir assinando a internet. Al\u00e9m disso alguns anos depois surgiram os provedores gr\u00e1tis, poucos provedores no Brasi ent\u00e3o conseguiram \u201csobreviver\u201d.<\/p>\n\n\n\n<p>Mas com muito trabalho, dedica\u00e7\u00e3o e perseveran\u00e7a, a empresa foi crescendo e a demanda e evolu\u00e7\u00e3o foi exigindo mais banda de internet, sendo necess\u00e1rio adotar outra tecnologia.<\/p>\n\n\n\n<p>Em 2004 implantamos a internet via r\u00e1dio (conex\u00e3o com antenas), dispensando ent\u00e3o a linha telef\u00f4nica, j\u00e1 era um avan\u00e7o significativo na \u00e9poca. Pois de uma conex\u00e3o de 56kbps da linha telef\u00f4nica tinha-se 150kbps na internet via r\u00e1dio. Utilizamos um pr\u00e9dio central mais alto da cidade para implantar nosso POP (ponto de distribui\u00e7\u00e3o de internet).<\/p>\n\n\n\n<p>Antes disto em 2003 come\u00e7amos a trabalhar com a parte de inform\u00e1tica, venda e manuten\u00e7\u00e3o de computadores e notebooks. Lan\u00e7amos uma promo\u00e7\u00e3o que comprando um computador ganhava o kit de internet gr\u00e1tis. Foi um sucesso a promo\u00e7\u00e3o, pois muitos clientes aderiram.<\/p>\n\n\n\n<p>Ao longo dos anos, foi se implantando novos POPs de internet, abrangendo outras \u00e1reas da cidade.<\/p>\n\n\n\n<p>Em agosto de 2010, a empresa adquire e se transfere para sua sede pr\u00f3pria, onde est\u00e1 localizada at\u00e9 hoje. Um local mais amplo, moderno, com uma loja f\u00edsica de inform\u00e1tica e um laborat\u00f3rio de assist\u00eancia t\u00e9cnica e suporte t\u00e9cnico. No local tamb\u00e9m fica o datacenter da empresa, com servidores e equipamentos modernos.<\/p>\n\n\n\n<p>Em 2014 foi dado o maior passo tecnol\u00f3gico da empresa, a implanta\u00e7\u00e3o da tecnologia de fibra \u00f3ptica. Iniciamos primeiramente no centro da cidade, hoje temos fibra \u00f3ptica em toda \u00e1rea urbana de S\u00e3o Sep\u00e9.<\/p>\n\n\n\n<p>O crescimento da empresa ao longo dos anos, consequentemente exigiu grandes investimentos.<\/p>\n\n\n\n<p>A empresa possui em sua rede mais de 200 KM de fibra \u00f3ptica, foram contratados mais colaboradores e aumentado sua frota de ve\u00edculos. Estamos sempre atentos ao mercado, sempre investindo e ampliando nossos equipamentos e links de internet de acordo com o aumento do n\u00famero de clientes.<\/p>\n\n\n\n<p>Com a pandemia, o aumento pela uso da internet foi significativo, pois muitas empresas viram ser poss\u00edvel trabalhar em casa, sem falar no ensino a dist\u00e2ncia.<\/p>\n\n\n\n<p>Investimos tamb\u00e9m em treinamento e seguran\u00e7a dos nossos colaboradores, atrav\u00e9s de cursos t\u00e9cnicos, vendas, atendimento ao cliente e NR35 (seguran\u00e7a para trabalhar em altura). \u201cQueremos que todos se sintam bem em trabalhar aqui\u201d. Fornecemos todos itens de EPIs para o trabalho com seguran\u00e7a.<\/p>\n\n\n\n<p>Em 2017 ganhamos o leil\u00e3o da Anatel para explorar a frequ\u00eancia 2,5GHZ de forma exclusiva no munic\u00edpio. Implantamos a tecnologia LTE 4G na \u00e1rea rural, de grande sucesso. Uma conex\u00e3o est\u00e1vel e r\u00e1pida.<\/p>\n\n\n\n<p>Lembrando que a economia do nosso munic\u00edpio \u00e9 extremamente vinda do agroneg\u00f3cio, por isto n\u00e3o descuidamos de expandir nossas torres de LTE para estes clientes.<\/p>\n\n\n\n<p>Em 2022 passamos a ofertar tamb\u00e9m junto com a internet o pacote de TV, com uma grade de mais de 130 canais em HD, o qual tivemos j\u00e1 no primeiro ano, uma \u00f3tima aceita\u00e7\u00e3o.<\/p>\n\n\n\n<p>&nbsp;&nbsp;&nbsp;&nbsp;&nbsp;&nbsp;&nbsp;&nbsp;&nbsp;&nbsp;&nbsp; Nosso maior diferencial para nos manter l\u00edderes no mercado de internet de S\u00e3o Sep\u00e9 at\u00e9 hoje, sem d\u00favida \u00e9 o atendimento. Este \u00e9 um dos maiores valores da Plugnet, desde a contrata\u00e7\u00e3o, assist\u00eancia t\u00e9cnica quando necess\u00e1rio e o p\u00f3s-venda. Trabalhamos incansavelmente para prestar um servi\u00e7o de excel\u00eancia, o que nos da grande credibilidade na cidade.<\/p>\n\n\n\n<p>&nbsp;&nbsp;&nbsp;&nbsp;&nbsp;&nbsp;&nbsp;&nbsp;&nbsp;&nbsp;&nbsp; Somos um provedor local, onde o cliente sabe por quem \u00e9 atendido.<\/p>\n\n\n\n<p>&nbsp;&nbsp;&nbsp;&nbsp;&nbsp;&nbsp;&nbsp;&nbsp;&nbsp;&nbsp;&nbsp; Fizemos tamb\u00e9m constantemente, pesquisas de satisfa\u00e7\u00e3o com nossos clientes, para ver o que est\u00e3o achando dos nossos servi\u00e7os.<\/p>\n\n\n\n<p><strong>O que dizem nossos clientes:<\/strong><\/p>\n\n\n\n<p>Celeste Carpes Trindade:<\/p>\n\n\n\n<p>\u201c Excelente atendimento e assist\u00eancia t\u00e9cnica. O cliente tratado com respeito,, a Empresa aplica com treinamento de empreendedorismo com seu funcion\u00e1rios para que o cliente seja tratado com carinho prioridade.\u201d<\/p>\n\n\n\n<p>Denise Ribeiro:<\/p>\n\n\n\n<p>\u201cMelhor internet da cidade\u201d<\/p>\n\n\n\n<p>Pietro Giuliani:<\/p>\n\n\n\n<p>\u201c\u00d3timo atendimento. Internet de fibra muito r\u00e1pida. Recomendo muito.\u201d<\/p>\n\n\n\n<p>TWS Esquarias:<\/p>\n\n\n\n<p>\u201cParab\u00e9ns a toda equipe, excel\u00eancia no atendimento\u201d Como miss\u00e3o a Plugnet sempre quer ser a maior, a melhor no mercado de internet de S\u00e3o Sep\u00e9 e prestar um \u00f3timo servi\u00e7o as servi\u00e7o de atendimento a nossos clientes<\/p>\n\n\n\n<p><br>Possuimos uma SAC para sanar suas d\u00favidas, reclama\u00e7\u00f5es ou sugest\u00f5es ao nossos clientes atrav\u00e9s do n\u00famero: 55-3233-1796\/3515 ou plant\u00e3o: 99986-3660<\/p>\n\n\n\n<figure class=\"wp-block-image size-large\"><img fetchpriority=\"high\" decoding=\"async\" width=\"1024\" height=\"741\" src=\"http:\/\/plugnet.psi.br\/loja\/wp-content\/uploads\/2024\/06\/colaboradores-1024x741.jpeg\" alt=\"\" class=\"wp-image-121\" srcset=\"http:\/\/plugnet.psi.br\/loja\/wp-content\/uploads\/2024\/06\/colaboradores-1024x741.jpeg 1024w, http:\/\/plugnet.psi.br\/loja\/wp-content\/uploads\/2024\/06\/colaboradores-300x217.jpeg 300w, http:\/\/plugnet.psi.br\/loja\/wp-content\/uploads\/2024\/06\/colaboradores-768x556.jpeg 768w, http:\/\/plugnet.psi.br\/loja\/wp-content\/uploads\/2024\/06\/colaboradores.jpeg 1280w\" sizes=\"(max-width: 1024px) 100vw, 1024px\" \/><\/figure>\n\n\n\n<p><\/p>\n","protected":false},"excerpt":{"rendered":"<p>A empresa Conhe\u00e7a um pouco da hist\u00f3ria da Plugnet A Plugnet Internet come\u00e7ou suas atividades como provedor de internet na cidade de S\u00e3o Sep\u00e9-RS, no dia 05\/04\/1999 atrav\u00e9s da internet discada. Na \u00e9poca alguns poucos clientes de internet da cidade conectavam a internet em provedores de outras cidades, gastando altos valores com liga\u00e7\u00f5es interurbanas. Foi&#8230;<\/p>\n","protected":false},"author":1,"featured_media":0,"parent":0,"menu_order":0,"comment_status":"closed","ping_status":"closed","template":"empresa-2","meta":{"_acf_changed":false,"footnotes":""},"class_list":["post-546","page","type-page","status-publish","hentry"],"acf":[],"_links":{"self":[{"href":"http:\/\/plugnet.psi.br\/loja\/wp-json\/wp\/v2\/pages\/546","targetHints":{"allow":["GET"]}}],"collection":[{"href":"http:\/\/plugnet.psi.br\/loja\/wp-json\/wp\/v2\/pages"}],"about":[{"href":"http:\/\/plugnet.psi.br\/loja\/wp-json\/wp\/v2\/types\/page"}],"author":[{"embeddable":true,"href":"http:\/\/plugnet.psi.br\/loja\/wp-json\/wp\/v2\/users\/1"}],"replies":[{"embeddable":true,"href":"http:\/\/plugnet.psi.br\/loja\/wp-json\/wp\/v2\/comments?post=546"}],"version-history":[{"count":6,"href":"http:\/\/plugnet.psi.br\/loja\/wp-json\/wp\/v2\/pages\/546\/revisions"}],"predecessor-version":[{"id":651,"href":"http:\/\/plugnet.psi.br\/loja\/wp-json\/wp\/v2\/pages\/546\/revisions\/651"}],"wp:attachment":[{"href":"http:\/\/plugnet.psi.br\/loja\/wp-json\/wp\/v2\/media?parent=546"}],"curies":[{"name":"wp","href":"https:\/\/api.w.org\/{rel}","templated":true}]}}